{"id":55,"date":"2016-12-28T15:57:04","date_gmt":"2016-12-28T20:57:04","guid":{"rendered":"http:\/\/www.cenelsur.com\/?post_type=product&#038;p=55"},"modified":"2017-01-20T12:06:10","modified_gmt":"2017-01-20T17:06:10","slug":"siemens-logo8-230-rce-6ed1052-1fb00-0ba8","status":"publish","type":"product","link":"https:\/\/www.cenelsur.com\/?product=siemens-logo8-230-rce-6ed1052-1fb00-0ba8","title":{"rendered":"Siemens LOGO!8 230 RCE &#8211; 6ED1052-1FB00-0BA8"},"content":{"rendered":"<h3>Descripci\u00f3n de art\u00edculo<br \/>\nSiemens LOGO!8 230 RCE &#8211; 6ED1052-1FB00-0BA8<\/h3>\n<p>LOGO! 230RCE, m\u00f3dulo l\u00f3gico con pantalla, alimentaci\u00f3n: 115\/230V AC\/Rel\u00e9, 8ED (Entradas digitales), 4SD (Salidas digitales), memoria: 400 bloques, expansi\u00f3n por m\u00f3dulos, Ethernet, servidor WEB, registro de datos, tarjeta Micros SD est\u00e1ndar, programable con LOGO! Soft Comfort desde V8, ejecuta proyectos antiguos.<\/p>\n<p>El m\u00f3dulo l\u00f3gico LOGO!8 230 RCE &#8211; 6ED1052-1FB00-0BA8 de Siemens con display configurable en tres colores diferentes tiene protecci\u00f3n IP20 y funciona con alimentaci\u00f3n de 115\/230 V AC\/Rel\u00e9. Se pueden configurar 400 bloques de funciones. Adem\u00e1s, dispone de 8 entradas digitales y 4 salidas digitales (rel\u00e9s). El m\u00f3dulo l\u00f3gico LOGO!8 230 RCE &#8211; 6ED1052-1FB00-0BA8 con pantalla se puede programar a trav\u00e9s de la interfaz Ethernet. Tambi\u00e9n se puede comunicar con otros m\u00f3dulos de la serie LOGO! y dispositivos SIMATIC S7. Las aplicaciones integradas del servidor web permiten el monitoreo inal\u00e1mbrico y control a trav\u00e9s de smartphone, tablet o PC. El m\u00f3dulo l\u00f3gico LOGO!8 230 RCE &#8211; 6ED1052-1FB00-0BA8 es usado, por ejemplo, para sistemas de control de m\u00e1quinas en procesos industriales y de fabricaci\u00f3n, en la construcci\u00f3n, para el control de tiempos en sistemas de transporte como bombas y sistemas de filtros. Usos especiales son posibles tambi\u00e9n.<\/p>\n","protected":false},"excerpt":{"rendered":"<p>LOGO! 230RCE, m\u00f3dulo l\u00f3gico con pantalla, alimentaci\u00f3n: 115\/230V AC\/Rel\u00e9, 8ED (Entradas digitales), 4SD (Salidas digitales), memoria: 400 bloques, expansi\u00f3n por m\u00f3dulos, Ethernet, servidor WEB, registro de datos, tarjeta Micros SD est\u00e1ndar, programable con LOGO! Soft Comfort desde V8, ejecuta proyectos antiguos.<\/p>\n","protected":false},"featured_media":56,"comment_status":"open","ping_status":"closed","template":"","meta":[],"product_brand":[],"product_cat":[9],"product_tag":[],"class_list":{"0":"post-55","1":"product","2":"type-product","3":"status-publish","4":"has-post-thumbnail","6":"product_cat-siemens","7":"product_shipping_class-flete-al-cobro","9":"first","10":"instock","11":"sale","12":"taxable","13":"shipping-taxable","14":"purchasable","15":"product-type-simple"},"_links":{"self":[{"href":"https:\/\/www.cenelsur.com\/index.php?rest_route=\/wp\/v2\/product\/55","targetHints":{"allow":["GET"]}}],"collection":[{"href":"https:\/\/www.cenelsur.com\/index.php?rest_route=\/wp\/v2\/product"}],"about":[{"href":"https:\/\/www.cenelsur.com\/index.php?rest_route=\/wp\/v2\/types\/product"}],"replies":[{"embeddable":true,"href":"https:\/\/www.cenelsur.com\/index.php?rest_route=%2Fwp%2Fv2%2Fcomments&post=55"}],"wp:featuredmedia":[{"embeddable":true,"href":"https:\/\/www.cenelsur.com\/index.php?rest_route=\/wp\/v2\/media\/56"}],"wp:attachment":[{"href":"https:\/\/www.cenelsur.com\/index.php?rest_route=%2Fwp%2Fv2%2Fmedia&parent=55"}],"wp:term":[{"taxonomy":"product_brand","embeddable":true,"href":"https:\/\/www.cenelsur.com\/index.php?rest_route=%2Fwp%2Fv2%2Fproduct_brand&post=55"},{"taxonomy":"product_cat","embeddable":true,"href":"https:\/\/www.cenelsur.com\/index.php?rest_route=%2Fwp%2Fv2%2Fproduct_cat&post=55"},{"taxonomy":"product_tag","embeddable":true,"href":"https:\/\/www.cenelsur.com\/index.php?rest_route=%2Fwp%2Fv2%2Fproduct_tag&post=55"}],"curies":[{"name":"wp","href":"https:\/\/api.w.org\/{rel}","templated":true}]}}