{"id":432,"date":"2017-01-29T09:47:04","date_gmt":"2017-01-29T14:47:04","guid":{"rendered":"http:\/\/www.cenelsur.com\/?post_type=product&#038;p=432"},"modified":"2017-01-29T14:21:23","modified_gmt":"2017-01-29T19:21:23","slug":"simotics-gp-general-purpose-motors","status":"publish","type":"product","link":"https:\/\/www.cenelsur.com\/?product=simotics-gp-general-purpose-motors","title":{"rendered":"SIEMENS MOTORES TRIFASICOS 6 Polos (1.200 rpm) 60Hz IP55"},"content":{"rendered":"<p>Con m\u00e1s de 150 a\u00f1os de experiencia, seguimos impulsando la tecnolog\u00eda del motor<br \/>\nel\u00e9ctrico, optimiz\u00e1ndolos y definiendo nuevos est\u00e1ndares en su utilizaci\u00f3n en el mercado<br \/>\nindustrial. Basados en estos a\u00f1os de experiencia, Siemens ofrece con la familia SIMOTICS, la<br \/>\npaleta m\u00e1s amplia de motores para aplicaciones en la industria, todo esto sustentado en los<br \/>\nm\u00e1s de 40 millones de motores y accionamientos Siemens instalados en el mundo.<br \/>\nNuestros motores de baja tensi\u00f3n cumplen con todos los requerimientos en materia de<br \/>\neficiencia energ\u00e9tica y est\u00e1n dise\u00f1ados con los m\u00e1s altos est\u00e1ndares de calidad. Est\u00e1n<br \/>\nperfectamente armonizados para ser utilizados con los aparatos de maniobra, protecci\u00f3n y<br \/>\ncontrol SIRIUS y con los convertidores de frecuencia SINAMICS.<br \/>\nNuestro principio de sostener la m\u00e1s alta calidad en el dise\u00f1o y la fabricaci\u00f3n de motores<br \/>\nel\u00e9ctricos se basa en la vasta experiencia de las numerosas f\u00e1bricas que Siemens posee en<br \/>\ndiferentes partes del mundo. Con nuestra tecnolog\u00eda, y cerca de nuestros clientes, es la<br \/>\nmanera en que llevamos adelante nuestro \u00e9xito. Siemens est\u00e1 presente en m\u00e1s de 190<br \/>\npa\u00edses y es el verdadero l\u00edder del mercado. Todos nuestros productos est\u00e1n basados en un<br \/>\nest\u00e1ndar global de calidad y dise\u00f1o derivados de nuestros centros de Investigaci\u00f3n y<br \/>\nDesarrollo en Alemania.<br \/>\nLe ofrecemos en nuestra familia de motores SIMOTICS de baja tensi\u00f3n bajo normativa IEC,<br \/>\nen la categor\u00eda de eficiencia IE1. En carcasas de fundici\u00f3n de hierro, con las opciones b\u00e1sicas<br \/>\nm\u00e1s habituales de la industria.<\/p>\n","protected":false},"excerpt":{"rendered":"<p>Disponemos de: Repuestos y Accesorios para este Producto<\/p>\n","protected":false},"featured_media":453,"comment_status":"open","ping_status":"closed","template":"","meta":[],"product_brand":[],"product_cat":[26],"product_tag":[],"class_list":{"0":"post-432","1":"product","2":"type-product","3":"status-publish","4":"has-post-thumbnail","6":"product_cat-motores","7":"product_shipping_class-flete-al-cobro","9":"first","10":"instock","11":"sale","12":"taxable","13":"shipping-taxable","14":"purchasable","15":"product-type-variable"},"_links":{"self":[{"href":"https:\/\/www.cenelsur.com\/index.php?rest_route=\/wp\/v2\/product\/432","targetHints":{"allow":["GET"]}}],"collection":[{"href":"https:\/\/www.cenelsur.com\/index.php?rest_route=\/wp\/v2\/product"}],"about":[{"href":"https:\/\/www.cenelsur.com\/index.php?rest_route=\/wp\/v2\/types\/product"}],"replies":[{"embeddable":true,"href":"https:\/\/www.cenelsur.com\/index.php?rest_route=%2Fwp%2Fv2%2Fcomments&post=432"}],"wp:featuredmedia":[{"embeddable":true,"href":"https:\/\/www.cenelsur.com\/index.php?rest_route=\/wp\/v2\/media\/453"}],"wp:attachment":[{"href":"https:\/\/www.cenelsur.com\/index.php?rest_route=%2Fwp%2Fv2%2Fmedia&parent=432"}],"wp:term":[{"taxonomy":"product_brand","embeddable":true,"href":"https:\/\/www.cenelsur.com\/index.php?rest_route=%2Fwp%2Fv2%2Fproduct_brand&post=432"},{"taxonomy":"product_cat","embeddable":true,"href":"https:\/\/www.cenelsur.com\/index.php?rest_route=%2Fwp%2Fv2%2Fproduct_cat&post=432"},{"taxonomy":"product_tag","embeddable":true,"href":"https:\/\/www.cenelsur.com\/index.php?rest_route=%2Fwp%2Fv2%2Fproduct_tag&post=432"}],"curies":[{"name":"wp","href":"https:\/\/api.w.org\/{rel}","templated":true}]}}