{"id":320,"date":"2017-01-16T15:24:58","date_gmt":"2017-01-16T20:24:58","guid":{"rendered":"http:\/\/www.cenelsur.com\/?post_type=product&#038;p=320"},"modified":"2017-01-20T12:02:54","modified_gmt":"2017-01-20T17:02:54","slug":"900elr-2-230vca-rele-de-falla-a-tierra","status":"publish","type":"product","link":"https:\/\/www.cenelsur.com\/?product=900elr-2-230vca-rele-de-falla-a-tierra","title":{"rendered":"900ELR-2-230VCA Rele de Falla a Tierra"},"content":{"rendered":"<h1 class=\"ItemDetailHeadline\">REL\u00c9 PROTECCI\u00d3N FALLA A TIERRA<\/h1>\n<p class=\"ItemDetailShortDescription\">Alim:230V,rango:4mA a 30A<\/p>\n<table id=\"item_detail\">\n<tbody>\n<tr>\n<th colspan=\"2\">900ELR-2-230V<\/th>\n<\/tr>\n<tr>\n<td>Conexi\u00f3n el\u00e9ctrica<\/td>\n<td>1\u00d8 &#8211; 2hilos, 3\u00d8 &#8211; 3hilos, 3\u00d8 &#8211; 4hilos<\/td>\n<\/tr>\n<tr>\n<td>Funci\u00f3n<\/td>\n<td>Monitoreo de falla a tierra v\u00eda Transformador Toroidal Externo (CBCT)<\/td>\n<\/tr>\n<tr>\n<td>Tipo<\/td>\n<td>Digital<\/td>\n<\/tr>\n<tr>\n<td>Pantalla<\/td>\n<td>LCD con luz de fondo<\/td>\n<\/tr>\n<tr>\n<td>Alimentaci\u00f3n<\/td>\n<td>230V CA; \u00b115%<\/td>\n<\/tr>\n<tr>\n<td>Rango de medici\u00f3n<\/td>\n<td>4mA &#8211; 30A (Valor RMS)<\/td>\n<\/tr>\n<tr>\n<td>Ajuste Corriente de fuga<\/td>\n<td>10mA &#8211; 30A<\/td>\n<\/tr>\n<tr>\n<td>Ajuste de pre-alarma<\/td>\n<td>50-100%del ajuste de la corriente de fuga<\/td>\n<\/tr>\n<tr>\n<td>Frecuencia<\/td>\n<td>45 &#8211; 65Hz<\/td>\n<\/tr>\n<tr>\n<td>Consumo<\/td>\n<td>3VA m\u00e1x.<\/td>\n<\/tr>\n<tr>\n<td>Hist\u00e9resis<\/td>\n<td>5 &#8211; 40% del valor ajustado<\/td>\n<\/tr>\n<tr>\n<td>Temporizaci\u00f3n de disparo<\/td>\n<td>0 &#8211; 99.9 seg<\/td>\n<\/tr>\n<tr>\n<td>Retraso al encendido<\/td>\n<td>0.5 &#8211; 99.9 seg<\/td>\n<\/tr>\n<tr>\n<td>Retardo tiempo de recuperaci\u00f3n<\/td>\n<td>0 &#8211; 99.9 seg<\/td>\n<\/tr>\n<tr>\n<td rowspan=\"2\">Tiempo de respuesta<\/td>\n<td>&lt; 30ms disparo por corriente &gt;5x valor ajustado<\/td>\n<\/tr>\n<tr>\n<td>&lt; 50ms disparo por corriente &gt;1x valor ajustado<\/td>\n<\/tr>\n<tr>\n<td>Precisi\u00f3n de corriente<\/td>\n<td>\u00a0\u00b1 5% del ajuste<\/td>\n<\/tr>\n<tr>\n<td>Salida rel\u00e9<\/td>\n<td>2x 1C\/O (SPDT)<\/td>\n<\/tr>\n<tr>\n<td rowspan=\"2\">Clasificaci\u00f3n de contactos<\/td>\n<td>NA: 5A, 250V CA<\/td>\n<\/tr>\n<tr>\n<td>NC: 3A, 250V CA<\/td>\n<\/tr>\n<tr>\n<td>Temperatura de operaci\u00f3n<\/td>\n<td>0\u00b0C a +50\u00b0C<\/td>\n<\/tr>\n<tr>\n<td>Montaje<\/td>\n<td>Riel DIN<\/td>\n<\/tr>\n<tr>\n<td>Certificaci\u00f3n<\/td>\n<td><img decoding=\"async\" src=\"http:\/\/ecommerce.altechmexico.com\/ECommerce\/Site\/Content\/Images\/qn0m155h.png\" alt=\"\" \/><\/td>\n<\/tr>\n<\/tbody>\n<\/table>\n","protected":false},"excerpt":{"rendered":"<p><a href=\"http:\/\/www.selec.com\/Content\/DownlodableFiles\/Datasheet\/Protection%20Relay\/900%20Series\/900ELR-2.pdf\">Descargar Manual<\/a><\/p>\n<p>&nbsp;<\/p>\n","protected":false},"featured_media":321,"comment_status":"open","ping_status":"closed","template":"","meta":[],"product_brand":[],"product_cat":[19],"product_tag":[],"class_list":{"0":"post-320","1":"product","2":"type-product","3":"status-publish","4":"has-post-thumbnail","6":"product_cat-selec","7":"product_shipping_class-flete-al-cobro","9":"first","10":"instock","11":"sale","12":"taxable","13":"shipping-taxable","14":"purchasable","15":"product-type-simple"},"_links":{"self":[{"href":"https:\/\/www.cenelsur.com\/index.php?rest_route=\/wp\/v2\/product\/320","targetHints":{"allow":["GET"]}}],"collection":[{"href":"https:\/\/www.cenelsur.com\/index.php?rest_route=\/wp\/v2\/product"}],"about":[{"href":"https:\/\/www.cenelsur.com\/index.php?rest_route=\/wp\/v2\/types\/product"}],"replies":[{"embeddable":true,"href":"https:\/\/www.cenelsur.com\/index.php?rest_route=%2Fwp%2Fv2%2Fcomments&post=320"}],"wp:featuredmedia":[{"embeddable":true,"href":"https:\/\/www.cenelsur.com\/index.php?rest_route=\/wp\/v2\/media\/321"}],"wp:attachment":[{"href":"https:\/\/www.cenelsur.com\/index.php?rest_route=%2Fwp%2Fv2%2Fmedia&parent=320"}],"wp:term":[{"taxonomy":"product_brand","embeddable":true,"href":"https:\/\/www.cenelsur.com\/index.php?rest_route=%2Fwp%2Fv2%2Fproduct_brand&post=320"},{"taxonomy":"product_cat","embeddable":true,"href":"https:\/\/www.cenelsur.com\/index.php?rest_route=%2Fwp%2Fv2%2Fproduct_cat&post=320"},{"taxonomy":"product_tag","embeddable":true,"href":"https:\/\/www.cenelsur.com\/index.php?rest_route=%2Fwp%2Fv2%2Fproduct_tag&post=320"}],"curies":[{"name":"wp","href":"https:\/\/api.w.org\/{rel}","templated":true}]}}