{"id":299,"date":"2017-01-10T16:20:12","date_gmt":"2017-01-10T21:20:12","guid":{"rendered":"http:\/\/www.cenelsur.com\/?post_type=product&#038;p=299"},"modified":"2017-01-20T12:05:42","modified_gmt":"2017-01-20T17:05:42","slug":"transmisor-de-conductividad-acm-1","status":"publish","type":"product","link":"https:\/\/www.cenelsur.com\/?product=transmisor-de-conductividad-acm-1","title":{"rendered":"Transmisor de conductividad, ACM-1"},"content":{"rendered":"<p><strong>Rango de medida: <\/strong><br \/>\nConductividad: 0 &#8230; 200 mS\/cm<br \/>\nPt100\/Pt1000: -50 &#8230; +250\u00b0C<br \/>\nMontaje en panel o en campo<br \/>\n<strong>Entrada<\/strong>: 1 x conductividad \/ resistencia \/ TDS, 2 entradas digitales,<br \/>\n1 x temperatura \/ resistencia \/ se\u00f1al est\u00e1ndar<br \/>\nDisplay gr\u00e1fico retroiluminado, hasta 3 valores, tendencia y barra gr\u00e1fica<br \/>\n<strong>Salida:<\/strong> 2 rel\u00e9s (SPDT). Alimentaci\u00f3n para sensores 17 VDC<br \/>\nProgramable, con m\u00f3dulo matem\u00e1tico y l\u00f3gico<br \/>\n<strong>Opci\u00f3n:<\/strong> placas enchufables de salida anal\u00f3gica, alimentaci\u00f3n para sensores,<br \/>\nRS-485, datalogger, Profibus\u00ae PA, rel\u00e9s<\/p>\n","protected":false},"excerpt":{"rendered":"[download id=\"301\"]\n<p>The compact transmitter\/controller ACM-1.. measures the conductivity value, TDS value or specific resistance. It is available as panel-mounted device according to DIN\/EN 61554 or as field housing.<\/p>\n<p>Measured values and parameters are displayed on a high-contrast graphic display in plain text. Easy configuration via buttons or PC with optional software provide a simple and user friendly operation.<\/p>\n<p>An integrated math and logic module enables the integration of the measured values in mathematical formulas so that the measured variables can be displayed.<\/p>\n","protected":false},"featured_media":300,"comment_status":"open","ping_status":"closed","template":"","meta":[],"product_brand":[],"product_cat":[10],"product_tag":[],"class_list":{"0":"post-299","1":"product","2":"type-product","3":"status-publish","4":"has-post-thumbnail","6":"product_cat-kobold","7":"product_shipping_class-flete-al-cobro","9":"first","10":"instock","11":"taxable","12":"shipping-taxable","13":"product-type-simple"},"_links":{"self":[{"href":"https:\/\/www.cenelsur.com\/index.php?rest_route=\/wp\/v2\/product\/299","targetHints":{"allow":["GET"]}}],"collection":[{"href":"https:\/\/www.cenelsur.com\/index.php?rest_route=\/wp\/v2\/product"}],"about":[{"href":"https:\/\/www.cenelsur.com\/index.php?rest_route=\/wp\/v2\/types\/product"}],"replies":[{"embeddable":true,"href":"https:\/\/www.cenelsur.com\/index.php?rest_route=%2Fwp%2Fv2%2Fcomments&post=299"}],"wp:featuredmedia":[{"embeddable":true,"href":"https:\/\/www.cenelsur.com\/index.php?rest_route=\/wp\/v2\/media\/300"}],"wp:attachment":[{"href":"https:\/\/www.cenelsur.com\/index.php?rest_route=%2Fwp%2Fv2%2Fmedia&parent=299"}],"wp:term":[{"taxonomy":"product_brand","embeddable":true,"href":"https:\/\/www.cenelsur.com\/index.php?rest_route=%2Fwp%2Fv2%2Fproduct_brand&post=299"},{"taxonomy":"product_cat","embeddable":true,"href":"https:\/\/www.cenelsur.com\/index.php?rest_route=%2Fwp%2Fv2%2Fproduct_cat&post=299"},{"taxonomy":"product_tag","embeddable":true,"href":"https:\/\/www.cenelsur.com\/index.php?rest_route=%2Fwp%2Fv2%2Fproduct_tag&post=299"}],"curies":[{"name":"wp","href":"https:\/\/api.w.org\/{rel}","templated":true}]}}